{"id":1015383,"date":"2023-12-05T08:34:21","date_gmt":"2023-12-05T13:34:21","guid":{"rendered":"https:\/\/explorationpuma.com\/?page_id=1015383"},"modified":"2024-04-02T11:03:41","modified_gmt":"2024-04-02T15:03:41","slug":"politique-de-confidentialite","status":"publish","type":"page","link":"https:\/\/explorationpuma.com\/fr\/politique-de-confidentialite\/","title":{"rendered":"Politique de confidentialit\u00e9"},"content":{"rendered":"\t\t<div data-elementor-type=\"wp-page\" data-elementor-id=\"1015383\" class=\"elementor elementor-1015383 elementor-1015133\" data-elementor-post-type=\"page\">\n\t\t\t\t<div class=\"elementor-element elementor-element-2f99177 e-flex e-con-boxed e-con e-parent\" data-id=\"2f99177\" data-element_type=\"container\" data-e-type=\"container\" data-settings=\"{&quot;background_background&quot;:&quot;classic&quot;}\">\n\t\t\t\t\t<div class=\"e-con-inner\">\n\t\t<div class=\"elementor-element elementor-element-127a7a0 e-flex e-con-boxed e-con e-child\" data-id=\"127a7a0\" data-element_type=\"container\" data-e-type=\"container\">\n\t\t\t\t\t<div class=\"e-con-inner\">\n\t\t\t\t<div class=\"elementor-element elementor-element-dd34fda elementor-widget elementor-widget-theme-post-title elementor-page-title elementor-widget-heading\" data-id=\"dd34fda\" data-element_type=\"widget\" data-e-type=\"widget\" data-widget_type=\"theme-post-title.default\">\n\t\t\t\t\t<h1 class=\"elementor-heading-title elementor-size-default\">Politique de confidentialit\u00e9<\/h1>\t\t\t\t<\/div>\n\t\t\t\t\t<\/div>\n\t\t\t\t<\/div>\n\t\t\t\t\t<\/div>\n\t\t\t\t<\/div>\n\t\t<div class=\"elementor-element elementor-element-2e3ffd6 e-flex e-con-boxed e-con e-parent\" data-id=\"2e3ffd6\" data-element_type=\"container\" data-e-type=\"container\" data-settings=\"{&quot;background_background&quot;:&quot;classic&quot;}\">\n\t\t\t\t\t<div class=\"e-con-inner\">\n\t\t\t\t<div class=\"elementor-element elementor-element-ac9a4f3 elementor-widget elementor-widget-text-editor\" data-id=\"ac9a4f3\" data-element_type=\"widget\" data-e-type=\"widget\" data-widget_type=\"text-editor.default\">\n\t\t\t\t\t\t\t\t\t<p><strong>NOUS NOUS ENGAGEONS \u00c0 RESPECTER LA VIE PRIV\u00c9E DES UTILISATEURS DE NOTRE SITE WEB. LES NORMES SUIVANTES FONT PARTIE INT\u00c9GRANTE DE NOTRE POLITIQUE DE PROTECTION DE LA VIE PRIV\u00c9E :<\/strong><\/p>\n<ul>\n<li>Nous ne conservons aucune information personnelle, y compris votre nom, votre adresse, votre num\u00e9ro de t\u00e9l\u00e9phone ou votre adresse \u00e9lectronique, lorsque vous visitez notre site web. Ces informations ne sont collect\u00e9es que si vous les fournissez volontairement lorsque vous vous inscrivez \u00e0 notre liste de diffusion (lettre d&rsquo;information \u00e9lectronique), lorsque vous soumettez une demande d&rsquo;information ou lorsque vous remplissez un formulaire en ligne.<\/li>\n<li>Les informations personnelles que vous fournissez sont prot\u00e9g\u00e9es par la loi f\u00e9d\u00e9rale sur la protection de la vie priv\u00e9e. Cela signifie que vous serez inform\u00e9(e) de la collecte d&rsquo;informations vous concernant, de l&rsquo;objectif de cette collecte et de votre droit d&rsquo;acc\u00e8s \u00e0 ces informations.<\/li>\n<li>Nous recueillons toutefois des informations sur le trafic sur notre site Web afin d&rsquo;am\u00e9liorer le site pour qu&rsquo;il r\u00e9ponde mieux \u00e0 vos besoins.<\/li>\n<\/ul>\n<p><strong>NOUS COLLECTONS DES DONN\u00c9ES TECHNIQUES TELLES QUE<\/strong><\/p>\n<ul>\n<li>le nom de votre fournisseur d&rsquo;acc\u00e8s \u00e0 Internet, son adresse IP et le nom des services fournis ;<\/li>\n<li>la dur\u00e9e de chaque visite ;<\/li>\n<li>le nombre de demandes par visite ;<\/li>\n<li>votre syst\u00e8me d&rsquo;exploitation (Windows, MacIntosh, Unix, etc.)<\/li>\n<li>votre navigateur Web (Google Chrome, Microsoft Edge, Mozilla Firefox, etc.).<\/li>\n<\/ul>\n<p>Les Canadiens sont prot\u00e9g\u00e9s par deux lois f\u00e9d\u00e9rales sur la protection de la vie priv\u00e9e, \u00e0 savoir la loi sur la protection de la vie priv\u00e9e et la loi sur la protection des renseignements personnels et les documents \u00e9lectroniques (LPRPDE). La LPRPDE est bas\u00e9e sur le code mod\u00e8le de protection de la vie priv\u00e9e de l&rsquo;Association canadienne de normalisation, qui est incorpor\u00e9 dans la loi. Les organisations du Qu\u00e9bec sont soumises \u00e0 la Loi sur la protection des renseignements personnels dans le secteur priv\u00e9 du Qu\u00e9bec. L&rsquo;autorit\u00e9 charg\u00e9e de l&rsquo;application de cette loi est la Commission d&rsquo;acc\u00e8s \u00e0 l&rsquo;information.<\/p>\n<p><strong>LES NORMES SUIVANTES FONT PARTIE DE NOTRE POLITIQUE DE PROTECTION DE LA VIE PRIV\u00c9E :<\/strong><\/p>\n<ul>\n<li><strong>Responsabilit\u00e9 :<\/strong><br \/>Nous sommes responsables des informations personnelles en notre possession. Notre directeur g\u00e9n\u00e9ral est responsable de la mise en \u0153uvre et du respect de nos politiques et pratiques en mati\u00e8re de protection de la vie priv\u00e9e.<\/li>\n<li><strong>Identification des objectifs :<\/strong><br \/>Avant ou pendant la collecte d&rsquo;informations personnelles vous concernant, nous vous informerons des raisons pour lesquelles ces informations sont collect\u00e9es, nous vous expliquerons comment ces informations seront utilis\u00e9es et les circonstances dans lesquelles elles peuvent \u00eatre communiqu\u00e9es.<\/li>\n<li><strong>Consentement :<\/strong><br \/>Nous ne collecterons pas, n&rsquo;utiliserons pas et ne diffuserons pas d&rsquo;informations personnelles sans votre consentement.<\/li>\n<li><strong>Limitation de la collecte :<\/strong><br \/>Les informations personnelles vous concernant ne seront collect\u00e9es que si elles sont n\u00e9cessaires \u00e0 la finalit\u00e9 identifi\u00e9e et seulement s&rsquo;il est raisonnable et appropri\u00e9 de le faire dans les circonstances.<\/li>\n<li><strong>Limitation de l&rsquo;utilisation, de la divulgation et de la conservation :<\/strong><br \/>Les informations personnelles ne seront pas utilis\u00e9es ou divulgu\u00e9es \u00e0 des fins autres que celles pour lesquelles elles ont \u00e9t\u00e9 collect\u00e9es, sauf si vous y consentez ou si la loi l&rsquo;exige. Les informations personnelles ne seront conserv\u00e9es que le temps n\u00e9cessaire \u00e0 la r\u00e9alisation de ces objectifs.<\/li>\n<li><strong>Pr\u00e9cision :<\/strong><br \/>Il est important que les informations personnelles vous concernant en notre possession soient exactes, compl\u00e8tes et \u00e0 jour. Veuillez nous contacter si vous pensez que les informations ne sont pas exactes.<\/li>\n<li><strong>Garanties :<\/strong><br \/>Les informations personnelles sont prot\u00e9g\u00e9es par des mesures de s\u00e9curit\u00e9 adapt\u00e9es \u00e0 leur degr\u00e9 de sensibilit\u00e9.<\/li>\n<li><strong>L&rsquo;ouverture :<\/strong><br \/>Nous vous fournirons une copie de cette politique de confidentialit\u00e9 sur demande.<\/li>\n<li><strong>Acc\u00e8s individuel :<\/strong><br \/>Vous avez le droit de demander l&rsquo;acc\u00e8s aux informations personnelles vous concernant qui sont en notre possession. Vous pouvez \u00e9galement contester l&rsquo;exactitude et l&rsquo;exhaustivit\u00e9 des informations et les faire modifier le cas \u00e9ch\u00e9ant.<\/li>\n<li><strong>Remise en question de la conformit\u00e9 :<\/strong><br \/>Vous pouvez adresser \u00e0 notre directeur g\u00e9n\u00e9ral toute contestation concernant le respect de l&rsquo;un des principes susmentionn\u00e9s.<\/li>\n<\/ul>\n\t\t\t\t\t\t\t\t<\/div>\n\t\t\t\t\t<\/div>\n\t\t\t\t<\/div>\n\t\t\t\t<\/div>\n\t\t","protected":false},"excerpt":{"rendered":"<p>NOUS NOUS ENGAGEONS \u00c0 RESPECTER LA VIE PRIV\u00c9E DES UTILISATEURS DE NOTRE SITE WEB. LES NORMES SUIVANTES FONT PARTIE INT\u00c9GRANTE DE NOTRE POLITIQUE DE PROTECTION DE LA VIE PRIV\u00c9E : Nous ne conservons aucune information personnelle, y compris votre nom, votre adresse, votre num\u00e9ro de t\u00e9l\u00e9phone ou votre adresse \u00e9lectronique, lorsque vous visitez notre site [&hellip;]<\/p>\n","protected":false},"author":4,"featured_media":0,"parent":0,"menu_order":0,"comment_status":"closed","ping_status":"closed","template":"","meta":{"_mo_disable_npp":"","footnotes":"","_links_to":"","_links_to_target":""},"class_list":["post-1015383","page","type-page","status-publish","hentry","entry"],"_links":{"self":[{"href":"https:\/\/explorationpuma.com\/fr\/wp-json\/wp\/v2\/pages\/1015383","targetHints":{"allow":["GET"]}}],"collection":[{"href":"https:\/\/explorationpuma.com\/fr\/wp-json\/wp\/v2\/pages"}],"about":[{"href":"https:\/\/explorationpuma.com\/fr\/wp-json\/wp\/v2\/types\/page"}],"author":[{"embeddable":true,"href":"https:\/\/explorationpuma.com\/fr\/wp-json\/wp\/v2\/users\/4"}],"replies":[{"embeddable":true,"href":"https:\/\/explorationpuma.com\/fr\/wp-json\/wp\/v2\/comments?post=1015383"}],"version-history":[{"count":3,"href":"https:\/\/explorationpuma.com\/fr\/wp-json\/wp\/v2\/pages\/1015383\/revisions"}],"predecessor-version":[{"id":1015478,"href":"https:\/\/explorationpuma.com\/fr\/wp-json\/wp\/v2\/pages\/1015383\/revisions\/1015478"}],"wp:attachment":[{"href":"https:\/\/explorationpuma.com\/fr\/wp-json\/wp\/v2\/media?parent=1015383"}],"curies":[{"name":"wp","href":"https:\/\/api.w.org\/{rel}","templated":true}]}}