{"id":1016066,"date":"2024-04-02T13:11:12","date_gmt":"2024-04-02T17:11:12","guid":{"rendered":"https:\/\/explorationpuma.com\/?page_id=1016066"},"modified":"2024-04-09T06:46:22","modified_gmt":"2024-04-09T10:46:22","slug":"avis-legal","status":"publish","type":"page","link":"https:\/\/explorationpuma.com\/fr\/avis-legal\/","title":{"rendered":"Avis l\u00e9gal"},"content":{"rendered":"\t\t<div data-elementor-type=\"wp-page\" data-elementor-id=\"1016066\" class=\"elementor elementor-1016066 elementor-1015993\" data-elementor-post-type=\"page\">\n\t\t\t\t<div class=\"elementor-element elementor-element-2f99177 e-con-full e-flex e-con e-parent\" data-id=\"2f99177\" data-element_type=\"container\" data-e-type=\"container\" data-settings=\"{&quot;background_background&quot;:&quot;classic&quot;}\">\n\t\t<div class=\"elementor-element elementor-element-127a7a0 e-con-full e-flex e-con e-child\" data-id=\"127a7a0\" data-element_type=\"container\" data-e-type=\"container\">\n\t\t\t\t<div class=\"elementor-element elementor-element-dd34fda elementor-widget elementor-widget-theme-post-title elementor-page-title elementor-widget-heading\" data-id=\"dd34fda\" data-element_type=\"widget\" data-e-type=\"widget\" data-widget_type=\"theme-post-title.default\">\n\t\t\t\t\t<h1 class=\"elementor-heading-title elementor-size-default\">Avis l\u00e9gal<\/h1>\t\t\t\t<\/div>\n\t\t\t\t<\/div>\n\t\t\t\t<\/div>\n\t\t<div class=\"elementor-element elementor-element-2e3ffd6 e-flex e-con-boxed e-con e-parent\" data-id=\"2e3ffd6\" data-element_type=\"container\" data-e-type=\"container\" data-settings=\"{&quot;background_background&quot;:&quot;classic&quot;}\">\n\t\t\t\t\t<div class=\"e-con-inner\">\n\t\t\t\t<div class=\"elementor-element elementor-element-3ad123c elementor-widget elementor-widget-text-editor\" data-id=\"3ad123c\" data-element_type=\"widget\" data-e-type=\"widget\" data-widget_type=\"text-editor.default\">\n\t\t\t\t\t\t\t\t\t<h5>Derni\u00e8re mise \u00e0 jour le 2 avril 2024<\/h5>\n<h4><strong>VEUILLEZ LIRE ATTENTIVEMENT CES CONDITIONS AVANT D&rsquo;UTILISER CE SITE WEB<\/strong><\/h4>\n<p>Ce site web est d\u00e9tenu et exploit\u00e9 par Puma Exploration Inc. (la \u00ab\u00a0Soci\u00e9t\u00e9\u00a0\u00bb ou \u00ab\u00a0Puma\u00a0\u00bb). Les documents figurant sur ce site web sont fournis par Puma en tant que service \u00e0 ses investisseurs et autres parties int\u00e9ress\u00e9es et ne peuvent \u00eatre utilis\u00e9s qu&rsquo;\u00e0 des fins d&rsquo;information. En utilisant ce site web, vous reconnaissez et acceptez les termes et conditions ci-dessous. Si vous ne les acceptez pas, n&rsquo;utilisez pas le site web et ne t\u00e9l\u00e9chargez pas de mat\u00e9riel \u00e0 partir de celui-ci.<\/p>\n<p>La soci\u00e9t\u00e9 Puma Exploration Inc. a pris toutes les pr\u00e9cautions raisonnables pour produire et publier les informations contenues dans ce site web et s&rsquo;efforcera de le faire r\u00e9guli\u00e8rement. Le contenu de ce site peut encore contenir des inexactitudes techniques ou autres, des omissions ou des erreurs typographiques, pour lesquelles Puma n&rsquo;assume aucune responsabilit\u00e9. Puma ne garantit pas l&rsquo;utilisation, la validit\u00e9, l&rsquo;exactitude, l&rsquo;exhaustivit\u00e9 ou la fiabilit\u00e9 des affirmations, d\u00e9clarations ou informations figurant sur ce site. En aucun cas, y compris, mais sans s&rsquo;y limiter, en cas de n\u00e9gligence, Puma ne pourra \u00eatre tenu responsable de dommages directs, indirects, sp\u00e9ciaux, accessoires, cons\u00e9cutifs ou autres, y compris, mais sans s&rsquo;y limiter, la perte de programmes, la perte de donn\u00e9es, la perte d&rsquo;utilisation d&rsquo;un ordinateur ou d&rsquo;autres syst\u00e8mes, ou la perte de b\u00e9n\u00e9fices, qu&rsquo;il ait \u00e9t\u00e9 ou non inform\u00e9 de la possibilit\u00e9 de dommages, r\u00e9sultant de l&rsquo;utilisation ou de l&rsquo;incapacit\u00e9 d&rsquo;utilisation du mat\u00e9riel figurant sur ce site. Ces informations ne remplacent pas les conseils d&rsquo;un professionnel ind\u00e9pendant avant toute d\u00e9cision d&rsquo;investissement. En outre, vous ne pouvez pas modifier ou reproduire sous quelque forme que ce soit, \u00e9lectronique ou autre, les informations contenues dans ce site, sauf pour un usage personnel, \u00e0 moins que vous n&rsquo;ayez obtenu notre autorisation expresse.<\/p>\n<p style=\"margin:0cm;mso-add-space:auto;line-height:115%\"><span style=\"font-size:11.0pt;line-height:115%;font-family:\"Avenir Next LT Pro\",sans-serif; mso-bidi-font-family:Arial;mso-ansi-language:EN-CA\">Ni la Bourse de croissance TSX\nni son fournisseur de services de r\u00e9glementation (tel que ce terme est d\u00e9fini dans le document\nde la Bourse de croissance TSX) accepte la responsabilit\u00e9 de l&rsquo;ad\u00e9quation de l&rsquo;information fournie\nou l&rsquo;exactitude de ce site web.<\/span><\/p><p style=\"margin:0cm;mso-add-space:auto;line-height:115%\"><span style=\"font-size:11.0pt;line-height:115%;font-family:\"Avenir Next LT Pro\",sans-serif; mso-bidi-font-family:Arial;mso-ansi-language:EN-CA\"><br><\/span><\/p>\n<h2><strong>D\u00e9clarations prospectives<\/strong><\/h2>\n<p>Le site peut contenir des d\u00e9clarations prospectives, qui refl\u00e8tent les attentes actuelles de Puma Exploration concernant les \u00e9v\u00e9nements futurs li\u00e9s \u00e0 ses activit\u00e9s. Dans la mesure o\u00f9 les d\u00e9clarations figurant sur le site contiennent des informations qui ne sont pas historiques, elles sont essentiellement prospectives et sont souvent identifi\u00e9es par des termes tels que \u00ab\u00a0envisager\u00a0\u00bb, \u00ab\u00a0anticiper\u00a0\u00bb, \u00ab\u00a0s&rsquo;attendre \u00e0\u00a0\u00bb, \u00ab\u00a0estimer\u00a0\u00bb, \u00ab\u00a0avoir l&rsquo;intention de\u00a0\u00bb, \u00ab\u00a0projeter\u00a0\u00bb, \u00ab\u00a0planifier\u00a0\u00bb, \u00ab\u00a0potentiel\u00a0\u00bb, \u00ab\u00a0sugg\u00e9rer\u00a0\u00bb et \u00ab\u00a0croire\u00a0\u00bb et d&rsquo;autres termes similaires, ou des d\u00e9clarations selon lesquelles certains \u00e9v\u00e9nements ou d\u00e9clarations sont fond\u00e9s sur les opinions et estimations de la direction \u00e0 la date \u00e0 laquelle les d\u00e9clarations sont faites. Les d\u00e9clarations pr\u00e9visionnelles impliquent des risques, des incertitudes et d&rsquo;autres facteurs qui pourraient faire en sorte que les r\u00e9sultats r\u00e9els diff\u00e8rent mat\u00e9riellement de ceux exprim\u00e9s ou sous-entendus dans ces d\u00e9clarations pr\u00e9visionnelles. De nombreux facteurs pourraient \u00eatre \u00e0 l&rsquo;origine de ces diff\u00e9rences, en particulier la volatilit\u00e9 et la sensibilit\u00e9 aux prix des m\u00e9taux sur le march\u00e9, l&rsquo;impact des variations des taux de change et des taux d&rsquo;int\u00e9r\u00eat, l&rsquo;impr\u00e9cision des estimations des r\u00e9serves, les r\u00e9cup\u00e9rations d&rsquo;or et d&rsquo;autres m\u00e9taux, les risques environnementaux, y compris les charges r\u00e9glementaires accrues, les conditions g\u00e9ologiques inattendues, les conditions mini\u00e8res d\u00e9favorables, les actions des communaut\u00e9s et des organisations non gouvernementales, les changements dans les r\u00e9glementations et les politiques gouvernementales, y compris les lois et les politiques, les \u00e9pid\u00e9mies mondiales de maladies infectieuses, y compris le COVID-19, et l&rsquo;impossibilit\u00e9 d&rsquo;obtenir les permis et les approbations n\u00e9cessaires aupr\u00e8s des autorit\u00e9s gouvernementales, ainsi que d&rsquo;autres risques li\u00e9s au d\u00e9veloppement et \u00e0 l&rsquo;exploitation. Bien que Puma estime que les hypoth\u00e8ses inh\u00e9rentes aux d\u00e9clarations pr\u00e9visionnelles sont raisonnables, il convient de ne pas se fier ind\u00fbment \u00e0 ces d\u00e9clarations. Puma d\u00e9cline toute intention ou obligation de mettre \u00e0 jour ou de r\u00e9viser toute d\u00e9claration prospective, que ce soit en raison de nouvelles informations, d&rsquo;\u00e9v\u00e9nements futurs ou autres, sauf si les lois sur les valeurs mobili\u00e8res applicables l&rsquo;y obligent. Le lecteur est invit\u00e9 \u00e0 examiner attentivement l&rsquo;analyse d\u00e9taill\u00e9e des risques dans notre dernier rapport annuel d\u00e9pos\u00e9 sur SEDAR pour mieux comprendre les risques et les incertitudes qui affectent les activit\u00e9s de la soci\u00e9t\u00e9.<\/p>\n<h2><strong>Avertissement aux investisseurs am\u00e9ricains<\/strong><\/h2>\n<p><strong>Ce site web ne constitue pas une offre de vente ou une sollicitation d&rsquo;une offre d&rsquo;achat de titres aux \u00c9tats-Unis.<\/strong><\/p>\n<p>Les titres de la soci\u00e9t\u00e9 n&rsquo;ont pas \u00e9t\u00e9 enregistr\u00e9s en vertu de la loi am\u00e9ricaine sur les valeurs mobili\u00e8res de 1933, telle que modifi\u00e9e (la \u00ab\u00a0loi am\u00e9ricaine sur les valeurs mobili\u00e8res\u00a0\u00bb), ou de toute autre loi d&rsquo;\u00c9tat sur les valeurs mobili\u00e8res, et ne peuvent \u00eatre offerts ou vendus aux \u00c9tats-Unis ou \u00e0 des ressortissants am\u00e9ricains que s&rsquo;ils sont enregistr\u00e9s en vertu de la loi am\u00e9ricaine sur les valeurs mobili\u00e8res et des lois d&rsquo;\u00c9tat sur les valeurs mobili\u00e8res applicables, ou si une exemption \u00e0 cet enregistrement est disponible.<\/p>\n<h2><strong>Droit d&rsquo;auteur<\/strong><\/h2>\n<p>Certains \u00e9l\u00e9ments (y compris les graphiques, les ic\u00f4nes, le HTML, les javascripts, les jeux de couleurs, le multim\u00e9dia, les logos, les photographies, la r\u00e9daction, etc.) qui apparaissent sur ce site sont la propri\u00e9t\u00e9 de Puma et sont prot\u00e9g\u00e9s par des droits d&rsquo;auteur. Les autres \u00e9l\u00e9ments de ce site web qui n&rsquo;ont pas \u00e9t\u00e9 produits \u00e0 l&rsquo;origine par nous sont prot\u00e9g\u00e9s par les droits d&rsquo;auteur de leurs cr\u00e9ateurs\/propri\u00e9taires respectifs et apparaissent ici soit avec leur autorisation, soit \u00e0 titre d&rsquo;exemple, soit en tant que mat\u00e9riel de r\u00e9f\u00e9rence relevant du domaine public. Les marques peuvent \u00eatre d\u00e9pos\u00e9es au Canada et dans d&rsquo;autres pays, le cas \u00e9ch\u00e9ant. L&rsquo;affichage de marques sur des pages de ce site web n&rsquo;implique pas qu&rsquo;une licence de quelque nature que ce soit ait \u00e9t\u00e9 accord\u00e9e. Le mat\u00e9riel ne peut \u00eatre copi\u00e9, reproduit, modifi\u00e9, t\u00e9l\u00e9charg\u00e9, post\u00e9, transmis ou distribu\u00e9 de quelque mani\u00e8re que ce soit sans notre accord \u00e9crit pr\u00e9alable. Tout t\u00e9l\u00e9chargement, retransmission ou autre copie ou modification non autoris\u00e9s des marques et\/ou de leur contenu peut constituer une violation du droit f\u00e9d\u00e9ral ou commun, des lois sur les marques et\/ou les droits d&rsquo;auteur et peut entra\u00eener des poursuites judiciaires \u00e0 l&rsquo;encontre du copieur.<\/p>\n<h2><strong>Exclusion de responsabilit\u00e9<\/strong><\/h2>\n<p>Puma n&rsquo;est pas responsable des r\u00e9clamations, d\u00e9penses, dommages (y compris les dommages directs, indirects, sp\u00e9ciaux, accessoires, punitifs ou cons\u00e9cutifs), pertes de profits, d&rsquo;opportunit\u00e9s ou d&rsquo;informations r\u00e9sultant de ce qui suit :<\/p>\n<ul>\n<li>l&rsquo;utilisation des informations contenues dans ce site web ou la confiance accord\u00e9e \u00e0 ces informations ;<\/li>\n<li>toute inexactitude ou omission dans ces informations ou tout manquement \u00e0 l&rsquo;obligation de les tenir \u00e0 jour ;<\/li>\n<li>l&rsquo;utilisation de sites web de tiers li\u00e9s \u00e0 ce site web ;<\/li>\n<li>tout logiciel Internet utilis\u00e9 en relation avec ce site ou tout virus informatique ou autre programme destructeur rencontr\u00e9 \u00e0 la suite de l&rsquo;utilisation de ce site ;<\/li>\n<li>les retards, les inexactitudes ou les erreurs dans la transmission des cours de bourse ou des donn\u00e9es historiques ;<\/li>\n<li>et toute autre question li\u00e9e \u00e0 ce site web, m\u00eame si Puma a \u00e9t\u00e9 inform\u00e9e de la possibilit\u00e9 de telles r\u00e9clamations, d\u00e9penses, dommages ou pertes.<\/li>\n<\/ul>\n<p>Puma n&rsquo;est pas responsable des logiciels Internet ou des virus informatiques En raison des difficult\u00e9s techniques inh\u00e9rentes \u00e0 Internet, les logiciels Internet ou les probl\u00e8mes de transmission peuvent produire des copies inexactes ou incompl\u00e8tes des informations contenues sur ce site. Des virus informatiques ou d&rsquo;autres programmes destructeurs peuvent \u00e9galement \u00eatre t\u00e9l\u00e9charg\u00e9s par inadvertance \u00e0 partir du site web. Puma n&rsquo;est pas responsable des logiciels Internet, des virus informatiques ou des programmes destructeurs et vous recommande d&rsquo;installer un logiciel antivirus ou un autre logiciel de protection appropri\u00e9.<\/p>\n<h2><strong>Cotes des actions<\/strong><\/h2>\n<p>Tous les devis sont retard\u00e9s d&rsquo;au moins 15 minutes, sauf indication contraire. Toutes les cotations boursi\u00e8res et les donn\u00e9es historiques sur les cours des actions sont fournies par des prestataires de services tiers et ne sont fournies qu&rsquo;\u00e0 titre d&rsquo;information, et non \u00e0 des fins de n\u00e9gociation. Si vous envisagez d&rsquo;effectuer des transactions sur les titres de Puma Exploration Inc. nous vous conseillons vivement de demander l&rsquo;avis d&rsquo;un professionnel ind\u00e9pendant avant de prendre toute d\u00e9cision d&rsquo;investissement. Puma Exploration ne fait aucune d\u00e9claration ni ne donne aucune garantie quant \u00e0 l&rsquo;exactitude ou \u00e0 l&rsquo;exhaustivit\u00e9 de ces cours de bourse ou de ces donn\u00e9es historiques sur les cours de bourse et n&rsquo;a pris aucune mesure pour v\u00e9rifier l&rsquo;ad\u00e9quation, l&rsquo;exactitude ou l&rsquo;exhaustivit\u00e9 des informations fournies dans le pr\u00e9sent document. Puma ne sera en aucun cas responsable des inexactitudes ou omissions dans ces informations ou donn\u00e9es boursi\u00e8res, des retards ou erreurs dans leur transmission, ou de toute perte ou dommage direct, indirect, accessoire, sp\u00e9cial ou cons\u00e9cutif caus\u00e9 par la confiance accord\u00e9e \u00e0 ces informations ou aux risques li\u00e9s au march\u00e9 boursier.<\/p>\n<h2>Mesures d&rsquo;assurance et de contr\u00f4le de la qualit\u00e9 sur place (\u00ab\u00a0AQ\/CQ\u00a0\u00bb)<\/h2>\n<p style=\"text-align: justify; line-height: 125%;\">Puma suit les pratiques industrielles standard en ce qui concerne les protocoles d&rsquo;assurance et de contr\u00f4le de la qualit\u00e9 pour ses programmes d&rsquo;essais.<\/p>\n<p>Les carottes de forage et les \u00e9chantillons de surface sont emball\u00e9s, scell\u00e9s et envoy\u00e9s \u00e0 ALS CHEMEX \u00e0 Moncton, au Nouveau-Brunswick, o\u00f9 chaque \u00e9chantillon est broy\u00e9 et r\u00e9duit en pulpe avant d&rsquo;\u00eatre analys\u00e9 par pyroanalyse (Au-ICP21). Les parties restantes des \u00e9chantillons de rejets grossiers sont conserv\u00e9es en vue de travaux ou de v\u00e9rifications ult\u00e9rieurs, le cas \u00e9ch\u00e9ant. Dans le cadre de son programme d&rsquo;AQ\/CQ, la soci\u00e9t\u00e9 ins\u00e8re des \u00e9talons d&rsquo;or externes (de basse \u00e0 haute teneur) et des blancs tous les 20 \u00e9chantillons, en plus des \u00e9talons, des blancs et des duplicatas. Tous les \u00e9chantillons de plus de 10 g\/t d&rsquo;or ou contenant de l&rsquo;or visible en abondance sont analys\u00e9s avec une finition gravim\u00e9trique (Au-GRA22). Des analyses de contr\u00f4le sont syst\u00e9matiquement effectu\u00e9es pour les \u00e9chantillons contenant de l&rsquo;or visible afin de v\u00e9rifier la teneur en or de la zone de min\u00e9ralisation.<\/p>\n<p style=\"text-align: justify; line-height: 125%;\">Le lecteur est averti que les \u00e9chantillons choisis sont s\u00e9lectifs par nature et qu&rsquo;il est peu probable qu&rsquo;ils repr\u00e9sentent les teneurs moyennes des zones min\u00e9ralis\u00e9es.<\/p>\n<h2><strong>Personne qualifi\u00e9e<\/strong><\/h2>\n<p>Dominique Gagn\u00e9, P.Geo, personne qualifi\u00e9e selon l&rsquo;instrument national 43-101 &#8211; Normes d&rsquo;information pour les projets miniers (\u00ab\u00a0NI 43 101\u00a0\u00bb), a revu les informations techniques pr\u00e9sent\u00e9es sur ce site web.<\/p>\n<h2><strong>D\u00e9claration de confidentialit\u00e9<\/strong><\/h2>\n<p>Le site web de la soci\u00e9t\u00e9 Exploration Puma Inc. ne recueille aucune information personnelle sur les visiteurs de ce site web, \u00e0 l&rsquo;exception de celles que vous fournissez sp\u00e9cifiquement et en toute connaissance de cause. Ces informations personnelles ne seront pas transf\u00e9r\u00e9es \u00e0 une tierce partie, sauf indication contraire au moment de la collecte. Puma recueille et conserve des statistiques relatives au nombre de visites sur le site, aux types de navigateurs utilis\u00e9s et \u00e0 l&rsquo;adresse de protocole Internet de l&rsquo;exp\u00e9diteur. Ces informations ne sont utilis\u00e9es qu&rsquo;\u00e0 des fins internes. Tout mat\u00e9riel, information ou autre communication (y compris les questions, commentaires ou suggestions) que vous transmettez \u00e0 Puma par le biais de ce site web sera consid\u00e9r\u00e9 comme non confidentiel et non exclusif (\u00ab\u00a0communications\u00a0\u00bb). En effectuant une telle transmission, vous acceptez que Puma n&rsquo;ait aucune obligation de quelque nature que ce soit \u00e0 l&rsquo;\u00e9gard des communications. Si n\u00e9cessaire, afin de r\u00e9pondre \u00e0 votre demande, les communications que vous avez fournies peuvent \u00eatre transmises \u00e0 n&rsquo;importe quel bureau d&rsquo;exploration de Puma ou \u00e0 n&rsquo;importe quelle soci\u00e9t\u00e9 affili\u00e9e dans le monde. En nous envoyant des communications, vous consentez \u00e0 ce que les informations personnelles qu&rsquo;elles contiennent soient transf\u00e9r\u00e9es au sein de Puma et trait\u00e9es par Puma \u00e0 ces fins. Il vous est interdit de publier ou de transmettre \u00e0 Puma ou \u00e0 partir de Puma des documents ill\u00e9gaux, mena\u00e7ants, diffamatoires, obsc\u00e8nes, pornographiques ou autres qui enfreignent la loi. Si vous avez des inqui\u00e9tudes concernant le respect de la vie priv\u00e9e ou la confidentialit\u00e9 de ce site web, veuillez contacter Puma Exploration \u00e0 l&rsquo;adresse suivante  <a href=\"mailto:info@explorationpuma.com\">info@explorationpuma.com.<\/a><\/p>\t\t\t\t\t\t\t\t<\/div>\n\t\t\t\t\t<\/div>\n\t\t\t\t<\/div>\n\t\t\t\t<\/div>\n\t\t","protected":false},"excerpt":{"rendered":"<p>Derni\u00e8re mise \u00e0 jour le 2 avril 2024 VEUILLEZ LIRE ATTENTIVEMENT CES CONDITIONS AVANT D&rsquo;UTILISER CE SITE WEB Ce site web est d\u00e9tenu et exploit\u00e9 par Puma Exploration Inc. (la \u00ab\u00a0Soci\u00e9t\u00e9\u00a0\u00bb ou \u00ab\u00a0Puma\u00a0\u00bb). Les documents figurant sur ce site web sont fournis par Puma en tant que service \u00e0 ses investisseurs et autres parties int\u00e9ress\u00e9es [&hellip;]<\/p>\n","protected":false},"author":4,"featured_media":0,"parent":0,"menu_order":0,"comment_status":"closed","ping_status":"closed","template":"","meta":{"_mo_disable_npp":"","footnotes":"","_links_to":"","_links_to_target":""},"class_list":["post-1016066","page","type-page","status-publish","hentry","entry"],"_links":{"self":[{"href":"https:\/\/explorationpuma.com\/fr\/wp-json\/wp\/v2\/pages\/1016066","targetHints":{"allow":["GET"]}}],"collection":[{"href":"https:\/\/explorationpuma.com\/fr\/wp-json\/wp\/v2\/pages"}],"about":[{"href":"https:\/\/explorationpuma.com\/fr\/wp-json\/wp\/v2\/types\/page"}],"author":[{"embeddable":true,"href":"https:\/\/explorationpuma.com\/fr\/wp-json\/wp\/v2\/users\/4"}],"replies":[{"embeddable":true,"href":"https:\/\/explorationpuma.com\/fr\/wp-json\/wp\/v2\/comments?post=1016066"}],"version-history":[{"count":13,"href":"https:\/\/explorationpuma.com\/fr\/wp-json\/wp\/v2\/pages\/1016066\/revisions"}],"predecessor-version":[{"id":1016180,"href":"https:\/\/explorationpuma.com\/fr\/wp-json\/wp\/v2\/pages\/1016066\/revisions\/1016180"}],"wp:attachment":[{"href":"https:\/\/explorationpuma.com\/fr\/wp-json\/wp\/v2\/media?parent=1016066"}],"curies":[{"name":"wp","href":"https:\/\/api.w.org\/{rel}","templated":true}]}}